{"id":25,"date":"2025-11-05T03:54:43","date_gmt":"2025-11-05T03:54:43","guid":{"rendered":"https:\/\/milagroso.infiniteserver.com.br\/?post_type=product&#038;p=25"},"modified":"2025-11-05T04:02:17","modified_gmt":"2025-11-05T04:02:17","slug":"virtuosa-jes-30-capsulas","status":"publish","type":"product","link":"https:\/\/milagroso.infiniteserver.com.br\/?product=virtuosa-jes-30-capsulas","title":{"rendered":"VIRTUOSA Je\u2019s &#8211; 30 C\u00e1psulas"},"content":{"rendered":"<p>VIRTUOSA Je\u2019s Premium \u00ae possui Nanotecnologia exclusiva, vitamina com excelente<br \/>\ncombina\u00e7\u00e3o de Maca Peruana, Feno Grego, Tribulus Terrestris.<br \/>\nAumento da qualidade de vida para mulher, ajuda na menopausa, aumento de l\u00edbido,<br \/>\nauxilia no processo de emagrecimento, diminui\u00e7\u00e3o de rugas, intestino pregui\u00e7oso,<br \/>\nansiedade e aumento da disposi\u00e7\u00e3o.<\/p>\n","protected":false},"excerpt":{"rendered":"<p>VIRTUOSA Je\u2019s Premium \u00ae possui Nanotecnologia exclusiva, vitamina com excelente combina\u00e7\u00e3o de Maca Peruana, Feno Grego, Tribulus Terrestris. Aumento da qualidade de vida para mulher, ajuda na menopausa, aumento de l\u00edbido, auxilia no processo de emagrecimento, diminui\u00e7\u00e3o de rugas, intestino pregui\u00e7oso, ansiedade e aumento da disposi\u00e7\u00e3o.<\/p>\n","protected":false},"featured_media":26,"comment_status":"open","ping_status":"closed","template":"","meta":{"_acf_changed":false},"product_brand":[],"product_cat":[18,23,26,16,17,20,24,21,22,25,19,15],"product_tag":[],"class_list":{"0":"post-25","1":"product","2":"type-product","3":"status-publish","4":"has-post-thumbnail","6":"product_cat-bem-estar","7":"product_cat-cosmeticos","8":"product_cat-creme-fecial","9":"product_cat-dores","10":"product_cat-emagrecimento","11":"product_cat-estimulante","12":"product_cat-maquiagem","13":"product_cat-saude-feminina","14":"product_cat-saude-masculina","15":"product_cat-shampoo","16":"product_cat-sono-ansiedade","17":"product_cat-suplementos","19":"first","20":"instock","21":"shipping-taxable","22":"purchasable","23":"product-type-simple"},"acf":{"link_do_produto":null},"_links":{"self":[{"href":"https:\/\/milagroso.infiniteserver.com.br\/index.php?rest_route=\/wp\/v2\/product\/25","targetHints":{"allow":["GET"]}}],"collection":[{"href":"https:\/\/milagroso.infiniteserver.com.br\/index.php?rest_route=\/wp\/v2\/product"}],"about":[{"href":"https:\/\/milagroso.infiniteserver.com.br\/index.php?rest_route=\/wp\/v2\/types\/product"}],"replies":[{"embeddable":true,"href":"https:\/\/milagroso.infiniteserver.com.br\/index.php?rest_route=%2Fwp%2Fv2%2Fcomments&post=25"}],"wp:featuredmedia":[{"embeddable":true,"href":"https:\/\/milagroso.infiniteserver.com.br\/index.php?rest_route=\/wp\/v2\/media\/26"}],"wp:attachment":[{"href":"https:\/\/milagroso.infiniteserver.com.br\/index.php?rest_route=%2Fwp%2Fv2%2Fmedia&parent=25"}],"wp:term":[{"taxonomy":"product_brand","embeddable":true,"href":"https:\/\/milagroso.infiniteserver.com.br\/index.php?rest_route=%2Fwp%2Fv2%2Fproduct_brand&post=25"},{"taxonomy":"product_cat","embeddable":true,"href":"https:\/\/milagroso.infiniteserver.com.br\/index.php?rest_route=%2Fwp%2Fv2%2Fproduct_cat&post=25"},{"taxonomy":"product_tag","embeddable":true,"href":"https:\/\/milagroso.infiniteserver.com.br\/index.php?rest_route=%2Fwp%2Fv2%2Fproduct_tag&post=25"}],"curies":[{"name":"wp","href":"https:\/\/api.w.org\/{rel}","templated":true}]}}