{"id":30,"date":"2025-11-05T04:03:36","date_gmt":"2025-11-05T04:03:36","guid":{"rendered":"https:\/\/milagroso.infiniteserver.com.br\/?post_type=product&#038;p=30"},"modified":"2025-11-05T04:04:26","modified_gmt":"2025-11-05T04:04:26","slug":"balsamo-jes-24-capsulas","status":"publish","type":"product","link":"https:\/\/milagroso.infiniteserver.com.br\/?product=balsamo-jes-24-capsulas","title":{"rendered":"B\u00e1lsamo Je&#8217;s &#8211; 24 C\u00e1psulas"},"content":{"rendered":"<p>Suplemento para dor<\/p>\n<p>Composi\u00e7\u00e3o:<\/p>\n<p>Vitamina K2<\/p>\n<p>Vitamina D3<\/p>\n<p>Magn\u00e9sio Dimalato<\/p>\n<p>Col\u00e1geno tipo 2<\/p>\n<p>Como consumir?<\/p>\n<p>Tomar 1 C\u00e1psula ap\u00f3s o caf\u00e9 da manh\u00e3.<\/p>\n<p>Gestantes, lactantes e crian\u00e7as n\u00e3o podem consumir esse suplemento ( Nunca tomar dose acima do recomendado)<\/p>\n","protected":false},"excerpt":{"rendered":"<p>Suplemento para dor Composi\u00e7\u00e3o: Vitamina K2 Vitamina D3 Magn\u00e9sio Dimalato Col\u00e1geno tipo 2 Como consumir? Tomar 1 C\u00e1psula ap\u00f3s o caf\u00e9 da manh\u00e3. Gestantes, lactantes e crian\u00e7as n\u00e3o podem consumir esse suplemento ( Nunca tomar dose acima do recomendado)<\/p>\n","protected":false},"featured_media":31,"comment_status":"open","ping_status":"closed","template":"","meta":{"_acf_changed":false},"product_brand":[],"product_cat":[18,23,26,16,17,20,24,21,22,25,19,15],"product_tag":[],"class_list":{"0":"post-30","1":"product","2":"type-product","3":"status-publish","4":"has-post-thumbnail","6":"product_cat-bem-estar","7":"product_cat-cosmeticos","8":"product_cat-creme-fecial","9":"product_cat-dores","10":"product_cat-emagrecimento","11":"product_cat-estimulante","12":"product_cat-maquiagem","13":"product_cat-saude-feminina","14":"product_cat-saude-masculina","15":"product_cat-shampoo","16":"product_cat-sono-ansiedade","17":"product_cat-suplementos","19":"first","20":"instock","21":"shipping-taxable","22":"purchasable","23":"product-type-simple"},"acf":{"link_do_produto":null},"_links":{"self":[{"href":"https:\/\/milagroso.infiniteserver.com.br\/index.php?rest_route=\/wp\/v2\/product\/30","targetHints":{"allow":["GET"]}}],"collection":[{"href":"https:\/\/milagroso.infiniteserver.com.br\/index.php?rest_route=\/wp\/v2\/product"}],"about":[{"href":"https:\/\/milagroso.infiniteserver.com.br\/index.php?rest_route=\/wp\/v2\/types\/product"}],"replies":[{"embeddable":true,"href":"https:\/\/milagroso.infiniteserver.com.br\/index.php?rest_route=%2Fwp%2Fv2%2Fcomments&post=30"}],"wp:featuredmedia":[{"embeddable":true,"href":"https:\/\/milagroso.infiniteserver.com.br\/index.php?rest_route=\/wp\/v2\/media\/31"}],"wp:attachment":[{"href":"https:\/\/milagroso.infiniteserver.com.br\/index.php?rest_route=%2Fwp%2Fv2%2Fmedia&parent=30"}],"wp:term":[{"taxonomy":"product_brand","embeddable":true,"href":"https:\/\/milagroso.infiniteserver.com.br\/index.php?rest_route=%2Fwp%2Fv2%2Fproduct_brand&post=30"},{"taxonomy":"product_cat","embeddable":true,"href":"https:\/\/milagroso.infiniteserver.com.br\/index.php?rest_route=%2Fwp%2Fv2%2Fproduct_cat&post=30"},{"taxonomy":"product_tag","embeddable":true,"href":"https:\/\/milagroso.infiniteserver.com.br\/index.php?rest_route=%2Fwp%2Fv2%2Fproduct_tag&post=30"}],"curies":[{"name":"wp","href":"https:\/\/api.w.org\/{rel}","templated":true}]}}