{"id":35,"date":"2025-11-05T04:06:53","date_gmt":"2025-11-05T04:06:53","guid":{"rendered":"https:\/\/milagroso.infiniteserver.com.br\/?post_type=product&#038;p=35"},"modified":"2025-11-05T04:06:53","modified_gmt":"2025-11-05T04:06:53","slug":"lipo-jes-24-capsulas","status":"publish","type":"product","link":"https:\/\/milagroso.infiniteserver.com.br\/?product=lipo-jes-24-capsulas","title":{"rendered":"Lipo Je&#8217;s &#8211; 24 C\u00e1psulas"},"content":{"rendered":"<p style=\"text-align: justify;\">\u00c9 indicado para pessoas com obesidade, ou seja, com IMC maior que 30 kg\/m2 ,ou que<br \/>\npossuam sobrepeso com um IMC maior que 27 kg\/m2 e que n\u00e3o possua doen\u00e7as<br \/>\nassociadas ao sobrepeso, como dislipidemia, diabetes e hipertens\u00e3o. Lipo Je\u2019s \u00e9 um<br \/>\nemagrecedor de alta concentra\u00e7\u00e3o. Com uma composi\u00e7\u00e3o de ingredientes 100% naturais,<br \/>\ntendo uma combina\u00e7\u00e3o de ervas que agem regulando o intestino, a\u00e7\u00e3o diur\u00e9tica que<br \/>\ncombate a reten\u00e7\u00e3o de l\u00edquido, promove a saciedade, ervas que controlam a ansiedade,<br \/>\ndirecionando assim, a comer com modera\u00e7\u00e3o.<\/p>\n<p style=\"text-align: justify;\">\nElimina gordura localizada; Combate \u00e0 reten\u00e7\u00e3o de l\u00edquido; Promove a saciedade; Acentua<br \/>\no metabolismo; gorduras localizadas e flacidez; Auxilia na redu\u00e7\u00e3o do apetite. Sempre<br \/>\nmantenha uma alimenta\u00e7\u00e3o balanceada,beba muita \u00e1gua e fa\u00e7a exerc\u00edcios f\u00edsicos<\/p>\n","protected":false},"excerpt":{"rendered":"<p>\u00c9 indicado para pessoas com obesidade, ou seja, com IMC maior que 30 kg\/m2 ,ou que possuam sobrepeso com um IMC maior que 27 kg\/m2 e que n\u00e3o possua doen\u00e7as associadas ao sobrepeso, como dislipidemia, diabetes e hipertens\u00e3o. Lipo Je\u2019s \u00e9 um emagrecedor de alta concentra\u00e7\u00e3o. Com uma composi\u00e7\u00e3o de ingredientes 100% naturais, tendo uma combina\u00e7\u00e3o de ervas que agem regulando o intestino, a\u00e7\u00e3o diur\u00e9tica que combate a reten\u00e7\u00e3o de l\u00edquido, promove a saciedade, ervas que controlam a ansiedade, direcionando assim, a comer com modera\u00e7\u00e3o. Elimina gordura localizada; Combate \u00e0 reten\u00e7\u00e3o de l\u00edquido; Promove a saciedade; Acentua o metabolismo; gorduras localizadas e flacidez; Auxilia na redu\u00e7\u00e3o do apetite. Sempre mantenha uma alimenta\u00e7\u00e3o balanceada,beba muita \u00e1gua e fa\u00e7a exerc\u00edcios f\u00edsicos<\/p>\n","protected":false},"featured_media":36,"comment_status":"open","ping_status":"closed","template":"","meta":{"_acf_changed":false},"product_brand":[],"product_cat":[18,23,26,16,17,20,24,21,22,25,19,15],"product_tag":[],"class_list":{"0":"post-35","1":"product","2":"type-product","3":"status-publish","4":"has-post-thumbnail","6":"product_cat-bem-estar","7":"product_cat-cosmeticos","8":"product_cat-creme-fecial","9":"product_cat-dores","10":"product_cat-emagrecimento","11":"product_cat-estimulante","12":"product_cat-maquiagem","13":"product_cat-saude-feminina","14":"product_cat-saude-masculina","15":"product_cat-shampoo","16":"product_cat-sono-ansiedade","17":"product_cat-suplementos","19":"first","20":"instock","21":"shipping-taxable","22":"product-type-simple"},"acf":{"link_do_produto":null},"_links":{"self":[{"href":"https:\/\/milagroso.infiniteserver.com.br\/index.php?rest_route=\/wp\/v2\/product\/35","targetHints":{"allow":["GET"]}}],"collection":[{"href":"https:\/\/milagroso.infiniteserver.com.br\/index.php?rest_route=\/wp\/v2\/product"}],"about":[{"href":"https:\/\/milagroso.infiniteserver.com.br\/index.php?rest_route=\/wp\/v2\/types\/product"}],"replies":[{"embeddable":true,"href":"https:\/\/milagroso.infiniteserver.com.br\/index.php?rest_route=%2Fwp%2Fv2%2Fcomments&post=35"}],"wp:featuredmedia":[{"embeddable":true,"href":"https:\/\/milagroso.infiniteserver.com.br\/index.php?rest_route=\/wp\/v2\/media\/36"}],"wp:attachment":[{"href":"https:\/\/milagroso.infiniteserver.com.br\/index.php?rest_route=%2Fwp%2Fv2%2Fmedia&parent=35"}],"wp:term":[{"taxonomy":"product_brand","embeddable":true,"href":"https:\/\/milagroso.infiniteserver.com.br\/index.php?rest_route=%2Fwp%2Fv2%2Fproduct_brand&post=35"},{"taxonomy":"product_cat","embeddable":true,"href":"https:\/\/milagroso.infiniteserver.com.br\/index.php?rest_route=%2Fwp%2Fv2%2Fproduct_cat&post=35"},{"taxonomy":"product_tag","embeddable":true,"href":"https:\/\/milagroso.infiniteserver.com.br\/index.php?rest_route=%2Fwp%2Fv2%2Fproduct_tag&post=35"}],"curies":[{"name":"wp","href":"https:\/\/api.w.org\/{rel}","templated":true}]}}